{"id":10,"date":"2026-01-27T12:29:16","date_gmt":"2026-01-27T12:29:16","guid":{"rendered":"https:\/\/barchaplin.rkinformatika.online\/?page_id=10"},"modified":"2026-01-27T14:47:48","modified_gmt":"2026-01-27T14:47:48","slug":"inicio","status":"publish","type":"page","link":"https:\/\/barchaplin.es\/eu\/","title":{"rendered":"Hasiera"},"content":{"rendered":"<div data-elementor-type=\"wp-page\" data-elementor-id=\"10\" class=\"elementor elementor-10\" data-elementor-post-type=\"page\">\n\t\t\t\t<div class=\"elementor-element elementor-element-52d9a22 e-flex e-con-boxed e-con e-parent\" data-id=\"52d9a22\" data-element_type=\"container\" data-e-type=\"container\" data-settings=\"{&quot;background_background&quot;:&quot;classic&quot;}\">\n\t\t\t\t\t<div class=\"e-con-inner\">\n\t\t<div class=\"elementor-element elementor-element-aaa1f7a e-con-full e-flex e-con e-child\" data-id=\"aaa1f7a\" data-element_type=\"container\" data-e-type=\"container\">\n\t\t\t\t<div class=\"elementor-element elementor-element-c6942f4 elementor-widget elementor-widget-heading\" data-id=\"c6942f4\" data-element_type=\"widget\" data-e-type=\"widget\" data-widget_type=\"heading.default\">\n\t\t\t\t\t<h2 class=\"elementor-heading-title elementor-size-default\">Tradizioa, hurbiltasuna eta zaporea kafe eta kopa bakoitzean<\/h2>\t\t\t\t<\/div>\n\t\t\t\t<\/div>\n\t\t<div class=\"elementor-element elementor-element-0864a15 e-con-full e-flex e-con e-child\" data-id=\"0864a15\" data-element_type=\"container\" data-e-type=\"container\">\n\t\t\t\t<div class=\"elementor-element elementor-element-32e28c5 elementor-widget elementor-widget-heading\" data-id=\"32e28c5\" data-element_type=\"widget\" data-e-type=\"widget\" data-widget_type=\"heading.default\">\n\t\t\t\t\t<h2 class=\"elementor-heading-title elementor-size-default\">Guri buruz:<\/h2>\t\t\t\t<\/div>\n\t\t\t\t<div class=\"elementor-element elementor-element-3405c81 elementor-widget elementor-widget-text-editor\" data-id=\"3405c81\" data-element_type=\"widget\" data-e-type=\"widget\" data-widget_type=\"text-editor.default\">\n\t\t\t\t\t\t\t\t\t<p>Ostalaritzari eskainitako gune bat gara, non kafea eta kopak izan diren beti esperientziaren erdigunea. 32 urteko zerbitzuarekin, belaunaldiei lagundu diegu, elkartzeko, hitz egiteko eta gozatzeko uneak sortuz. Gure historia egunez egun eraikitzen da, xehetasun bakoitza zainduz eta betiko esentziari eutsiz: kafe onak, ondo zerbitzatutako kopak eta geratzeko gonbita egiten duen giro atsegina.<\/p>\t\t\t\t\t\t\t\t<\/div>\n\t\t\t\t<div class=\"elementor-element elementor-element-e9ba5bd elementor-widget elementor-widget-image\" data-id=\"e9ba5bd\" data-element_type=\"widget\" data-e-type=\"widget\" data-widget_type=\"image.default\">\n\t\t\t\t\t\t\t\t\t\t\t\t\t\t\t<img fetchpriority=\"high\" decoding=\"async\" width=\"800\" height=\"560\" src=\"https:\/\/barchaplin.es\/wp-content\/uploads\/2026\/01\/Diseno-sin-titulo-1-1024x717.png\" class=\"attachment-large size-large wp-image-101\" alt=\"\" srcset=\"https:\/\/barchaplin.es\/wp-content\/uploads\/2026\/01\/Diseno-sin-titulo-1-1024x717.png 1024w, https:\/\/barchaplin.es\/wp-content\/uploads\/2026\/01\/Diseno-sin-titulo-1-300x210.png 300w, https:\/\/barchaplin.es\/wp-content\/uploads\/2026\/01\/Diseno-sin-titulo-1-768x537.png 768w, https:\/\/barchaplin.es\/wp-content\/uploads\/2026\/01\/Diseno-sin-titulo-1-18x12.png 18w, https:\/\/barchaplin.es\/wp-content\/uploads\/2026\/01\/Diseno-sin-titulo-1.png 1029w\" sizes=\"(max-width: 800px) 100vw, 800px\" \/>\t\t\t\t\t\t\t\t\t\t\t\t\t\t\t<\/div>\n\t\t\t\t<\/div>\n\t\t<div class=\"elementor-element elementor-element-ff49a67 e-con-full e-flex e-con e-child\" data-id=\"ff49a67\" data-element_type=\"container\" data-e-type=\"container\">\n\t\t\t\t<div class=\"elementor-element elementor-element-9ee8e0f elementor-align-center elementor-widget elementor-widget-button\" data-id=\"9ee8e0f\" data-element_type=\"widget\" data-e-type=\"widget\" data-widget_type=\"button.default\">\n\t\t\t\t\t\t\t\t\t\t<a class=\"elementor-button elementor-button-link elementor-size-sm\" href=\"https:\/\/barchaplin.es\/eu\/servicios\/\">\n\t\t\t\t\t\t<span class=\"elementor-button-content-wrapper\">\n\t\t\t\t\t\t\t\t\t<span class=\"elementor-button-text\">Zerbitzuak<\/span>\n\t\t\t\t\t<\/span>\n\t\t\t\t\t<\/a>\n\t\t\t\t\t\t\t\t<\/div>\n\t\t\t\t<\/div>\n\t\t\t\t\t<\/div>\n\t\t\t\t<\/div>\n\t\t\t\t<\/div>","protected":false},"excerpt":{"rendered":"<p>Tradici\u00f3n, cercan\u00eda y sabor en cada caf\u00e9 y cada copa Sobre nosotros: Somos un espacio dedicado a la hosteler\u00eda, donde el caf\u00e9 y las copas han sido siempre el centro de la experiencia. Con 32 a\u00f1os de servicio, hemos acompa\u00f1ado a generaciones creando momentos de encuentro, conversaci\u00f3n y disfrute. Nuestra historia se construye d\u00eda a [&hellip;]<\/p>\n","protected":false},"author":1,"featured_media":0,"parent":0,"menu_order":0,"comment_status":"closed","ping_status":"closed","template":"elementor_canvas","meta":{"footnotes":""},"class_list":["post-10","page","type-page","status-publish","hentry"],"yoast_head":"<!-- This site is optimized with the Yoast SEO plugin v27.5 - https:\/\/yoast.com\/product\/yoast-seo-wordpress\/ -->\n<title>Inicio - Bar Chaplin<\/title>\n<meta name=\"robots\" content=\"index, follow, max-snippet:-1, max-image-preview:large, max-video-preview:-1\" \/>\n<link rel=\"canonical\" href=\"https:\/\/barchaplin.es\/eu\/\" \/>\n<meta property=\"og:locale\" content=\"en_US\" \/>\n<meta property=\"og:type\" content=\"article\" \/>\n<meta property=\"og:title\" content=\"Inicio - Bar Chaplin\" \/>\n<meta property=\"og:description\" content=\"Tradici\u00f3n, cercan\u00eda y sabor en cada caf\u00e9 y cada copa Sobre nosotros: Somos un espacio dedicado a la hosteler\u00eda, donde el caf\u00e9 y las copas han sido siempre el centro de la experiencia. Con 32 a\u00f1os de servicio, hemos acompa\u00f1ado a generaciones creando momentos de encuentro, conversaci\u00f3n y disfrute. Nuestra historia se construye d\u00eda a [&hellip;]\" \/>\n<meta property=\"og:url\" content=\"https:\/\/barchaplin.es\/eu\/\" \/>\n<meta property=\"og:site_name\" content=\"Bar Chaplin\" \/>\n<meta property=\"article:modified_time\" content=\"2026-01-27T14:47:48+00:00\" \/>\n<meta property=\"og:image\" content=\"https:\/\/barchaplin.es\/wp-content\/uploads\/2026\/01\/Diseno-sin-titulo-1.png\" \/>\n\t<meta property=\"og:image:width\" content=\"1029\" \/>\n\t<meta property=\"og:image:height\" content=\"720\" \/>\n\t<meta property=\"og:image:type\" content=\"image\/png\" \/>\n<meta name=\"twitter:card\" content=\"summary_large_image\" \/>\n<meta name=\"twitter:label1\" content=\"Est. reading time\" \/>\n\t<meta name=\"twitter:data1\" content=\"1 minutua\" \/>\n<script type=\"application\/ld+json\" class=\"yoast-schema-graph\">{\"@context\":\"https:\\\/\\\/schema.org\",\"@graph\":[{\"@type\":\"WebPage\",\"@id\":\"https:\\\/\\\/barchaplin.es\\\/\",\"url\":\"https:\\\/\\\/barchaplin.es\\\/\",\"name\":\"Inicio - Bar Chaplin\",\"isPartOf\":{\"@id\":\"https:\\\/\\\/barchaplin.es\\\/#website\"},\"primaryImageOfPage\":{\"@id\":\"https:\\\/\\\/barchaplin.es\\\/#primaryimage\"},\"image\":{\"@id\":\"https:\\\/\\\/barchaplin.es\\\/#primaryimage\"},\"thumbnailUrl\":\"https:\\\/\\\/barchaplin.es\\\/wp-content\\\/uploads\\\/2026\\\/01\\\/Diseno-sin-titulo-1-1024x717.png\",\"datePublished\":\"2026-01-27T12:29:16+00:00\",\"dateModified\":\"2026-01-27T14:47:48+00:00\",\"breadcrumb\":{\"@id\":\"https:\\\/\\\/barchaplin.es\\\/#breadcrumb\"},\"inLanguage\":\"eu\",\"potentialAction\":[{\"@type\":\"ReadAction\",\"target\":[\"https:\\\/\\\/barchaplin.es\\\/\"]}]},{\"@type\":\"ImageObject\",\"inLanguage\":\"eu\",\"@id\":\"https:\\\/\\\/barchaplin.es\\\/#primaryimage\",\"url\":\"https:\\\/\\\/barchaplin.es\\\/wp-content\\\/uploads\\\/2026\\\/01\\\/Diseno-sin-titulo-1-1024x717.png\",\"contentUrl\":\"https:\\\/\\\/barchaplin.es\\\/wp-content\\\/uploads\\\/2026\\\/01\\\/Diseno-sin-titulo-1-1024x717.png\"},{\"@type\":\"BreadcrumbList\",\"@id\":\"https:\\\/\\\/barchaplin.es\\\/#breadcrumb\",\"itemListElement\":[{\"@type\":\"ListItem\",\"position\":1,\"name\":\"Portada\",\"item\":\"https:\\\/\\\/barchaplin.es\\\/\"},{\"@type\":\"ListItem\",\"position\":2,\"name\":\"Inicio\"}]},{\"@type\":\"WebSite\",\"@id\":\"https:\\\/\\\/barchaplin.es\\\/#website\",\"url\":\"https:\\\/\\\/barchaplin.es\\\/\",\"name\":\"Bar Chaplin\",\"description\":\"\",\"publisher\":{\"@id\":\"https:\\\/\\\/barchaplin.es\\\/#organization\"},\"potentialAction\":[{\"@type\":\"SearchAction\",\"target\":{\"@type\":\"EntryPoint\",\"urlTemplate\":\"https:\\\/\\\/barchaplin.es\\\/?s={search_term_string}\"},\"query-input\":{\"@type\":\"PropertyValueSpecification\",\"valueRequired\":true,\"valueName\":\"search_term_string\"}}],\"inLanguage\":\"eu\"},{\"@type\":\"Organization\",\"@id\":\"https:\\\/\\\/barchaplin.es\\\/#organization\",\"name\":\"Bar Chaplin\",\"url\":\"https:\\\/\\\/barchaplin.es\\\/\",\"logo\":{\"@type\":\"ImageObject\",\"inLanguage\":\"eu\",\"@id\":\"https:\\\/\\\/barchaplin.es\\\/#\\\/schema\\\/logo\\\/image\\\/\",\"url\":\"https:\\\/\\\/barchaplin.es\\\/wp-content\\\/uploads\\\/2026\\\/01\\\/cropped-Diseno-sin-titulo-7.png\",\"contentUrl\":\"https:\\\/\\\/barchaplin.es\\\/wp-content\\\/uploads\\\/2026\\\/01\\\/cropped-Diseno-sin-titulo-7.png\",\"width\":500,\"height\":489,\"caption\":\"Bar Chaplin \"},\"image\":{\"@id\":\"https:\\\/\\\/barchaplin.es\\\/#\\\/schema\\\/logo\\\/image\\\/\"}}]}<\/script>\n<!-- \/ Yoast SEO plugin. -->","yoast_head_json":{"title":"Inicio - Bar Chaplin","robots":{"index":"index","follow":"follow","max-snippet":"max-snippet:-1","max-image-preview":"max-image-preview:large","max-video-preview":"max-video-preview:-1"},"canonical":"https:\/\/barchaplin.es\/eu\/","og_locale":"en_US","og_type":"article","og_title":"Inicio - Bar Chaplin","og_description":"Tradici\u00f3n, cercan\u00eda y sabor en cada caf\u00e9 y cada copa Sobre nosotros: Somos un espacio dedicado a la hosteler\u00eda, donde el caf\u00e9 y las copas han sido siempre el centro de la experiencia. Con 32 a\u00f1os de servicio, hemos acompa\u00f1ado a generaciones creando momentos de encuentro, conversaci\u00f3n y disfrute. Nuestra historia se construye d\u00eda a [&hellip;]","og_url":"https:\/\/barchaplin.es\/eu\/","og_site_name":"Bar Chaplin","article_modified_time":"2026-01-27T14:47:48+00:00","og_image":[{"width":1029,"height":720,"url":"https:\/\/barchaplin.es\/wp-content\/uploads\/2026\/01\/Diseno-sin-titulo-1.png","type":"image\/png"}],"twitter_card":"summary_large_image","twitter_misc":{"Est. reading time":"1 minutua"},"schema":{"@context":"https:\/\/schema.org","@graph":[{"@type":"WebPage","@id":"https:\/\/barchaplin.es\/","url":"https:\/\/barchaplin.es\/","name":"Inicio - Bar Chaplin","isPartOf":{"@id":"https:\/\/barchaplin.es\/#website"},"primaryImageOfPage":{"@id":"https:\/\/barchaplin.es\/#primaryimage"},"image":{"@id":"https:\/\/barchaplin.es\/#primaryimage"},"thumbnailUrl":"https:\/\/barchaplin.es\/wp-content\/uploads\/2026\/01\/Diseno-sin-titulo-1-1024x717.png","datePublished":"2026-01-27T12:29:16+00:00","dateModified":"2026-01-27T14:47:48+00:00","breadcrumb":{"@id":"https:\/\/barchaplin.es\/#breadcrumb"},"inLanguage":"eu","potentialAction":[{"@type":"ReadAction","target":["https:\/\/barchaplin.es\/"]}]},{"@type":"ImageObject","inLanguage":"eu","@id":"https:\/\/barchaplin.es\/#primaryimage","url":"https:\/\/barchaplin.es\/wp-content\/uploads\/2026\/01\/Diseno-sin-titulo-1-1024x717.png","contentUrl":"https:\/\/barchaplin.es\/wp-content\/uploads\/2026\/01\/Diseno-sin-titulo-1-1024x717.png"},{"@type":"BreadcrumbList","@id":"https:\/\/barchaplin.es\/#breadcrumb","itemListElement":[{"@type":"ListItem","position":1,"name":"Portada","item":"https:\/\/barchaplin.es\/"},{"@type":"ListItem","position":2,"name":"Inicio"}]},{"@type":"WebSite","@id":"https:\/\/barchaplin.es\/#website","url":"https:\/\/barchaplin.es\/","name":"Bar Chaplin","description":"","publisher":{"@id":"https:\/\/barchaplin.es\/#organization"},"potentialAction":[{"@type":"SearchAction","target":{"@type":"EntryPoint","urlTemplate":"https:\/\/barchaplin.es\/?s={search_term_string}"},"query-input":{"@type":"PropertyValueSpecification","valueRequired":true,"valueName":"search_term_string"}}],"inLanguage":"eu"},{"@type":"Organization","@id":"https:\/\/barchaplin.es\/#organization","name":"Bar Chaplin","url":"https:\/\/barchaplin.es\/","logo":{"@type":"ImageObject","inLanguage":"eu","@id":"https:\/\/barchaplin.es\/#\/schema\/logo\/image\/","url":"https:\/\/barchaplin.es\/wp-content\/uploads\/2026\/01\/cropped-Diseno-sin-titulo-7.png","contentUrl":"https:\/\/barchaplin.es\/wp-content\/uploads\/2026\/01\/cropped-Diseno-sin-titulo-7.png","width":500,"height":489,"caption":"Bar Chaplin "},"image":{"@id":"https:\/\/barchaplin.es\/#\/schema\/logo\/image\/"}}]}},"_links":{"self":[{"href":"https:\/\/barchaplin.es\/eu\/wp-json\/wp\/v2\/pages\/10","targetHints":{"allow":["GET"]}}],"collection":[{"href":"https:\/\/barchaplin.es\/eu\/wp-json\/wp\/v2\/pages"}],"about":[{"href":"https:\/\/barchaplin.es\/eu\/wp-json\/wp\/v2\/types\/page"}],"author":[{"embeddable":true,"href":"https:\/\/barchaplin.es\/eu\/wp-json\/wp\/v2\/users\/1"}],"replies":[{"embeddable":true,"href":"https:\/\/barchaplin.es\/eu\/wp-json\/wp\/v2\/comments?post=10"}],"version-history":[{"count":58,"href":"https:\/\/barchaplin.es\/eu\/wp-json\/wp\/v2\/pages\/10\/revisions"}],"predecessor-version":[{"id":182,"href":"https:\/\/barchaplin.es\/eu\/wp-json\/wp\/v2\/pages\/10\/revisions\/182"}],"wp:attachment":[{"href":"https:\/\/barchaplin.es\/eu\/wp-json\/wp\/v2\/media?parent=10"}],"curies":[{"name":"wp","href":"https:\/\/api.w.org\/{rel}","templated":true}]}}