{"id":13,"date":"2026-01-27T13:07:38","date_gmt":"2026-01-27T13:07:38","guid":{"rendered":"https:\/\/barchaplin.rkinformatika.online\/?page_id=13"},"modified":"2026-01-27T15:00:16","modified_gmt":"2026-01-27T15:00:16","slug":"servicios","status":"publish","type":"page","link":"https:\/\/barchaplin.es\/eu\/servicios\/","title":{"rendered":"Zerbitzuak"},"content":{"rendered":"<div data-elementor-type=\"wp-page\" data-elementor-id=\"13\" class=\"elementor elementor-13\" data-elementor-post-type=\"page\">\n\t\t\t\t<div class=\"elementor-element elementor-element-62b0120 e-flex e-con-boxed e-con e-parent\" data-id=\"62b0120\" data-element_type=\"container\" data-e-type=\"container\" data-settings=\"{&quot;background_background&quot;:&quot;classic&quot;}\">\n\t\t\t\t\t<div class=\"e-con-inner\">\n\t\t<div class=\"elementor-element elementor-element-fc92aa5 e-con-full e-flex e-con e-child\" data-id=\"fc92aa5\" data-element_type=\"container\" data-e-type=\"container\">\n\t\t\t\t<div class=\"elementor-element elementor-element-9833ec0 elementor-widget elementor-widget-heading\" data-id=\"9833ec0\" data-element_type=\"widget\" data-e-type=\"widget\" data-widget_type=\"heading.default\">\n\t\t\t\t\t<h2 class=\"elementor-heading-title elementor-size-default\">La calidad de siempre, en cada servicio<\/h2>\t\t\t\t<\/div>\n\t\t\t\t<\/div>\n\t\t<div class=\"elementor-element elementor-element-954d85e e-con-full e-flex e-con e-child\" data-id=\"954d85e\" data-element_type=\"container\" data-e-type=\"container\">\n\t\t\t\t<div class=\"elementor-element elementor-element-694395c elementor-widget elementor-widget-text-editor\" data-id=\"694395c\" data-element_type=\"widget\" data-e-type=\"widget\" data-widget_type=\"text-editor.default\">\n\t\t\t\t\t\t\t\t\t<p>Nuestros productos est\u00e1n pensados para acompa\u00f1ar cada momento del d\u00eda. Desde un caf\u00e9 cuidadosamente preparado, que invita a una pausa tranquila, hasta copas servidas en su punto, perfectas para disfrutar de la noche con buena compa\u00f1\u00eda. Trabajamos con atenci\u00f3n a cada detalle, respetando los sabores cl\u00e1sicos y la forma de servir, para que cada elecci\u00f3n sea sin\u00f3nimo de calidad, confort y placer. Aqu\u00ed, la tradici\u00f3n y la experiencia se encuentran en cada mesa, creando momentos sencillos que saben a mucho<\/p>\t\t\t\t\t\t\t\t<\/div>\n\t\t\t\t<div class=\"elementor-element elementor-element-1330ccf elementor-widget__width-initial elementor-view-default elementor-widget elementor-widget-icon\" data-id=\"1330ccf\" data-element_type=\"widget\" data-e-type=\"widget\" data-widget_type=\"icon.default\">\n\t\t\t\t\t\t\t<div class=\"elementor-icon-wrapper\">\n\t\t\t<div class=\"elementor-icon\">\n\t\t\t<svg xmlns=\"http:\/\/www.w3.org\/2000\/svg\" id=\"_x31__px\" height=\"512\" viewbox=\"0 0 24 24\" width=\"512\"><path d=\"m10 21c-4.962 0-9-4.038-9-9v-3.5c0-.276.224-.5.5-.5h17c.276 0 .5.224.5.5v3.5c0 4.962-4.038 9-9 9zm-8-12v3c0 4.411 3.589 8 8 8s8-3.589 8-8v-3z\"><\/path><path d=\"m20.5 17h-3.291c-.276 0-.5-.224-.5-.5s.224-.5.5-.5h3.291c1.378 0 2.5-1.122 2.5-2.5s-1.122-2.5-2.5-2.5h-2c-.276 0-.5-.224-.5-.5s.224-.5.5-.5h2c1.93 0 3.5 1.57 3.5 3.5s-1.57 3.5-3.5 3.5z\"><\/path><path d=\"m7.093 6c-.155 0-.308-.072-.406-.207-.162-.224-.111-.536.112-.698.314-.228.474-.513.448-.803-.029-.33-.29-.637-.715-.842-.75-.361-1.215-.964-1.276-1.654-.057-.645.256-1.265.859-1.701.223-.163.536-.112.698.112s.111.536-.112.698c-.315.228-.474.513-.449.803.029.33.29.637.715.842.75.361 1.215.964 1.276 1.654.057.646-.256 1.266-.858 1.702-.088.063-.191.094-.292.094z\"><\/path><path d=\"m11.843 6c-.155 0-.308-.072-.406-.207-.162-.224-.111-.536.112-.698.314-.228.474-.513.448-.803-.029-.33-.29-.637-.715-.842-.75-.361-1.215-.964-1.276-1.654-.057-.646.256-1.266.858-1.702.223-.163.536-.112.698.112s.111.536-.112.698c-.314.228-.474.513-.448.803.029.33.29.637.715.842.75.361 1.215.964 1.276 1.654.057.646-.256 1.266-.858 1.702-.088.064-.191.095-.292.095z\"><\/path><path d=\"m17.5 24h-15c-1.378 0-2.5-1.122-2.5-2.5v-1c0-.276.224-.5.5-.5h19c.276 0 .5.224.5.5v1c0 1.378-1.122 2.5-2.5 2.5zm-16.5-3v.5c0 .827.673 1.5 1.5 1.5h15c.827 0 1.5-.673 1.5-1.5v-.5z\"><\/path><\/svg>\t\t\t<\/div>\n\t\t<\/div>\n\t\t\t\t\t\t<\/div>\n\t\t\t\t<div class=\"elementor-element elementor-element-2eece4b elementor-widget__width-initial elementor-view-default elementor-widget elementor-widget-icon\" data-id=\"2eece4b\" data-element_type=\"widget\" data-e-type=\"widget\" data-widget_type=\"icon.default\">\n\t\t\t\t\t\t\t<div class=\"elementor-icon-wrapper\">\n\t\t\t<div class=\"elementor-icon\">\n\t\t\t<svg xmlns=\"http:\/\/www.w3.org\/2000\/svg\" viewbox=\"0 0 512 512\"><g id=\"_x30_4_coketail\"><g><path d=\"m316.652 453.444c-.882-1.225-2.353-1.912-3.872-1.912h-51.861v-154.896c68.184-2.941 118.525-64.703 107.545-132.054-.196-1.274-3.235-20.195-21.911-135.387-.147-.735-.441-1.421-.882-2.059-12.745-17.99-67.448-21.127-89.654-21.127-22.107 0-76.811 3.039-89.654 21.127-.441.637-.735 1.324-.882 2.059-.049.49-21.421 132.299-21.911 135.387-11.176 67.547 39.802 129.162 107.545 132.054v154.897h-51.861c-1.52 0-2.99.686-3.872 1.912l-33.872 44.704c-2.402 3.186-.147 7.843 3.922 7.843h181.17c4.02 0 6.323-4.657 3.922-7.843zm-141.465-421.652c6.911-7.745 37.548-15.98 80.83-15.98s73.919 8.235 81.027 16.225c.343 2.794.735 2.647.245 3.333-8.872 13.382-64.165 16.47-81.272 16.47-18.039 0-69.752-3.186-80.781-15.833-.981-1.127-.588-3.725-.049-4.215zm-12.108 73.625 9.559-59.067c18.627 12.304 61.027 15.294 83.379 15.294 22.499 0 64.655-2.892 83.379-15.294l15.735 97.153z\"><\/path><\/g><\/g><g id=\"Layer_1\"><\/g><\/svg>\t\t\t<\/div>\n\t\t<\/div>\n\t\t\t\t\t\t<\/div>\n\t\t\t\t<div class=\"elementor-element elementor-element-00ad876 elementor-widget__width-initial elementor-widget elementor-widget-heading\" data-id=\"00ad876\" data-element_type=\"widget\" data-e-type=\"widget\" data-widget_type=\"heading.default\">\n\t\t\t\t\t<h2 class=\"elementor-heading-title elementor-size-default\">Caf\u00e9s<\/h2>\t\t\t\t<\/div>\n\t\t\t\t<div class=\"elementor-element elementor-element-dc1b440 elementor-widget__width-initial elementor-widget elementor-widget-heading\" data-id=\"dc1b440\" data-element_type=\"widget\" data-e-type=\"widget\" data-widget_type=\"heading.default\">\n\t\t\t\t\t<h2 class=\"elementor-heading-title elementor-size-default\">Copas<\/h2>\t\t\t\t<\/div>\n\t\t\t\t<\/div>\n\t\t<div class=\"elementor-element elementor-element-a95fdf6 e-con-full e-flex e-con e-child\" data-id=\"a95fdf6\" data-element_type=\"container\" data-e-type=\"container\">\n\t\t\t\t<div class=\"elementor-element elementor-element-7178250 elementor-align-center elementor-widget elementor-widget-button\" data-id=\"7178250\" data-element_type=\"widget\" data-e-type=\"widget\" data-widget_type=\"button.default\">\n\t\t\t\t\t\t\t\t\t\t<a class=\"elementor-button elementor-button-link elementor-size-sm\" href=\"https:\/\/barchaplin.es\/eu\/contacto\/\">\n\t\t\t\t\t\t<span class=\"elementor-button-content-wrapper\">\n\t\t\t\t\t\t\t\t\t<span class=\"elementor-button-text\">Kontaktua<\/span>\n\t\t\t\t\t<\/span>\n\t\t\t\t\t<\/a>\n\t\t\t\t\t\t\t\t<\/div>\n\t\t\t\t<\/div>\n\t\t\t\t\t<\/div>\n\t\t\t\t<\/div>\n\t\t\t\t<\/div>","protected":false},"excerpt":{"rendered":"<p>La calidad de siempre, en cada servicio Nuestros productos est\u00e1n pensados para acompa\u00f1ar cada momento del d\u00eda. Desde un caf\u00e9 cuidadosamente preparado, que invita a una pausa tranquila, hasta copas servidas en su punto, perfectas para disfrutar de la noche con buena compa\u00f1\u00eda. Trabajamos con atenci\u00f3n a cada detalle, respetando los sabores cl\u00e1sicos y la [&hellip;]<\/p>\n","protected":false},"author":1,"featured_media":0,"parent":0,"menu_order":0,"comment_status":"closed","ping_status":"closed","template":"elementor_canvas","meta":{"footnotes":""},"class_list":["post-13","page","type-page","status-publish","hentry"],"yoast_head":"<!-- This site is optimized with the Yoast SEO plugin v27.5 - https:\/\/yoast.com\/product\/yoast-seo-wordpress\/ -->\n<title>Servicios - Bar Chaplin<\/title>\n<meta name=\"robots\" content=\"index, follow, max-snippet:-1, max-image-preview:large, max-video-preview:-1\" \/>\n<link rel=\"canonical\" href=\"https:\/\/barchaplin.es\/eu\/servicios\/\" \/>\n<meta property=\"og:locale\" content=\"en_US\" \/>\n<meta property=\"og:type\" content=\"article\" \/>\n<meta property=\"og:title\" content=\"Servicios - Bar Chaplin\" \/>\n<meta property=\"og:description\" content=\"La calidad de siempre, en cada servicio Nuestros productos est\u00e1n pensados para acompa\u00f1ar cada momento del d\u00eda. Desde un caf\u00e9 cuidadosamente preparado, que invita a una pausa tranquila, hasta copas servidas en su punto, perfectas para disfrutar de la noche con buena compa\u00f1\u00eda. Trabajamos con atenci\u00f3n a cada detalle, respetando los sabores cl\u00e1sicos y la [&hellip;]\" \/>\n<meta property=\"og:url\" content=\"https:\/\/barchaplin.es\/eu\/servicios\/\" \/>\n<meta property=\"og:site_name\" content=\"Bar Chaplin\" \/>\n<meta property=\"article:modified_time\" content=\"2026-01-27T15:00:16+00:00\" \/>\n<meta name=\"twitter:card\" content=\"summary_large_image\" \/>\n<meta name=\"twitter:label1\" content=\"Est. reading time\" \/>\n\t<meta name=\"twitter:data1\" content=\"1 minutua\" \/>\n<script type=\"application\/ld+json\" class=\"yoast-schema-graph\">{\"@context\":\"https:\\\/\\\/schema.org\",\"@graph\":[{\"@type\":\"WebPage\",\"@id\":\"https:\\\/\\\/barchaplin.es\\\/servicios\\\/\",\"url\":\"https:\\\/\\\/barchaplin.es\\\/servicios\\\/\",\"name\":\"Servicios - Bar Chaplin\",\"isPartOf\":{\"@id\":\"https:\\\/\\\/barchaplin.es\\\/#website\"},\"datePublished\":\"2026-01-27T13:07:38+00:00\",\"dateModified\":\"2026-01-27T15:00:16+00:00\",\"breadcrumb\":{\"@id\":\"https:\\\/\\\/barchaplin.es\\\/servicios\\\/#breadcrumb\"},\"inLanguage\":\"eu\",\"potentialAction\":[{\"@type\":\"ReadAction\",\"target\":[\"https:\\\/\\\/barchaplin.es\\\/servicios\\\/\"]}]},{\"@type\":\"BreadcrumbList\",\"@id\":\"https:\\\/\\\/barchaplin.es\\\/servicios\\\/#breadcrumb\",\"itemListElement\":[{\"@type\":\"ListItem\",\"position\":1,\"name\":\"Portada\",\"item\":\"https:\\\/\\\/barchaplin.es\\\/\"},{\"@type\":\"ListItem\",\"position\":2,\"name\":\"Servicios\"}]},{\"@type\":\"WebSite\",\"@id\":\"https:\\\/\\\/barchaplin.es\\\/#website\",\"url\":\"https:\\\/\\\/barchaplin.es\\\/\",\"name\":\"Bar Chaplin\",\"description\":\"\",\"publisher\":{\"@id\":\"https:\\\/\\\/barchaplin.es\\\/#organization\"},\"potentialAction\":[{\"@type\":\"SearchAction\",\"target\":{\"@type\":\"EntryPoint\",\"urlTemplate\":\"https:\\\/\\\/barchaplin.es\\\/?s={search_term_string}\"},\"query-input\":{\"@type\":\"PropertyValueSpecification\",\"valueRequired\":true,\"valueName\":\"search_term_string\"}}],\"inLanguage\":\"eu\"},{\"@type\":\"Organization\",\"@id\":\"https:\\\/\\\/barchaplin.es\\\/#organization\",\"name\":\"Bar Chaplin\",\"url\":\"https:\\\/\\\/barchaplin.es\\\/\",\"logo\":{\"@type\":\"ImageObject\",\"inLanguage\":\"eu\",\"@id\":\"https:\\\/\\\/barchaplin.es\\\/#\\\/schema\\\/logo\\\/image\\\/\",\"url\":\"https:\\\/\\\/barchaplin.es\\\/wp-content\\\/uploads\\\/2026\\\/01\\\/cropped-Diseno-sin-titulo-7.png\",\"contentUrl\":\"https:\\\/\\\/barchaplin.es\\\/wp-content\\\/uploads\\\/2026\\\/01\\\/cropped-Diseno-sin-titulo-7.png\",\"width\":500,\"height\":489,\"caption\":\"Bar Chaplin \"},\"image\":{\"@id\":\"https:\\\/\\\/barchaplin.es\\\/#\\\/schema\\\/logo\\\/image\\\/\"}}]}<\/script>\n<!-- \/ Yoast SEO plugin. -->","yoast_head_json":{"title":"Servicios - Bar Chaplin","robots":{"index":"index","follow":"follow","max-snippet":"max-snippet:-1","max-image-preview":"max-image-preview:large","max-video-preview":"max-video-preview:-1"},"canonical":"https:\/\/barchaplin.es\/eu\/servicios\/","og_locale":"en_US","og_type":"article","og_title":"Servicios - Bar Chaplin","og_description":"La calidad de siempre, en cada servicio Nuestros productos est\u00e1n pensados para acompa\u00f1ar cada momento del d\u00eda. Desde un caf\u00e9 cuidadosamente preparado, que invita a una pausa tranquila, hasta copas servidas en su punto, perfectas para disfrutar de la noche con buena compa\u00f1\u00eda. Trabajamos con atenci\u00f3n a cada detalle, respetando los sabores cl\u00e1sicos y la [&hellip;]","og_url":"https:\/\/barchaplin.es\/eu\/servicios\/","og_site_name":"Bar Chaplin","article_modified_time":"2026-01-27T15:00:16+00:00","twitter_card":"summary_large_image","twitter_misc":{"Est. reading time":"1 minutua"},"schema":{"@context":"https:\/\/schema.org","@graph":[{"@type":"WebPage","@id":"https:\/\/barchaplin.es\/servicios\/","url":"https:\/\/barchaplin.es\/servicios\/","name":"Servicios - Bar Chaplin","isPartOf":{"@id":"https:\/\/barchaplin.es\/#website"},"datePublished":"2026-01-27T13:07:38+00:00","dateModified":"2026-01-27T15:00:16+00:00","breadcrumb":{"@id":"https:\/\/barchaplin.es\/servicios\/#breadcrumb"},"inLanguage":"eu","potentialAction":[{"@type":"ReadAction","target":["https:\/\/barchaplin.es\/servicios\/"]}]},{"@type":"BreadcrumbList","@id":"https:\/\/barchaplin.es\/servicios\/#breadcrumb","itemListElement":[{"@type":"ListItem","position":1,"name":"Portada","item":"https:\/\/barchaplin.es\/"},{"@type":"ListItem","position":2,"name":"Servicios"}]},{"@type":"WebSite","@id":"https:\/\/barchaplin.es\/#website","url":"https:\/\/barchaplin.es\/","name":"Bar Chaplin","description":"","publisher":{"@id":"https:\/\/barchaplin.es\/#organization"},"potentialAction":[{"@type":"SearchAction","target":{"@type":"EntryPoint","urlTemplate":"https:\/\/barchaplin.es\/?s={search_term_string}"},"query-input":{"@type":"PropertyValueSpecification","valueRequired":true,"valueName":"search_term_string"}}],"inLanguage":"eu"},{"@type":"Organization","@id":"https:\/\/barchaplin.es\/#organization","name":"Bar Chaplin","url":"https:\/\/barchaplin.es\/","logo":{"@type":"ImageObject","inLanguage":"eu","@id":"https:\/\/barchaplin.es\/#\/schema\/logo\/image\/","url":"https:\/\/barchaplin.es\/wp-content\/uploads\/2026\/01\/cropped-Diseno-sin-titulo-7.png","contentUrl":"https:\/\/barchaplin.es\/wp-content\/uploads\/2026\/01\/cropped-Diseno-sin-titulo-7.png","width":500,"height":489,"caption":"Bar Chaplin "},"image":{"@id":"https:\/\/barchaplin.es\/#\/schema\/logo\/image\/"}}]}},"_links":{"self":[{"href":"https:\/\/barchaplin.es\/eu\/wp-json\/wp\/v2\/pages\/13","targetHints":{"allow":["GET"]}}],"collection":[{"href":"https:\/\/barchaplin.es\/eu\/wp-json\/wp\/v2\/pages"}],"about":[{"href":"https:\/\/barchaplin.es\/eu\/wp-json\/wp\/v2\/types\/page"}],"author":[{"embeddable":true,"href":"https:\/\/barchaplin.es\/eu\/wp-json\/wp\/v2\/users\/1"}],"replies":[{"embeddable":true,"href":"https:\/\/barchaplin.es\/eu\/wp-json\/wp\/v2\/comments?post=13"}],"version-history":[{"count":22,"href":"https:\/\/barchaplin.es\/eu\/wp-json\/wp\/v2\/pages\/13\/revisions"}],"predecessor-version":[{"id":200,"href":"https:\/\/barchaplin.es\/eu\/wp-json\/wp\/v2\/pages\/13\/revisions\/200"}],"wp:attachment":[{"href":"https:\/\/barchaplin.es\/eu\/wp-json\/wp\/v2\/media?parent=13"}],"curies":[{"name":"wp","href":"https:\/\/api.w.org\/{rel}","templated":true}]}}